{"id":3171,"date":"2021-01-06T11:51:53","date_gmt":"2021-01-06T10:51:53","guid":{"rendered":"https:\/\/soka.fr\/?post_type=product&#038;p=3171"},"modified":"2021-10-27T14:26:44","modified_gmt":"2021-10-27T12:26:44","slug":"alvea-l4","status":"publish","type":"product","link":"https:\/\/soka.fr\/en\/product\/alvea-l4\/","title":{"rendered":"ALVEA \/ L4"},"content":{"rendered":"","protected":false},"excerpt":{"rendered":"<p class=\"p1\">This small recessed linear light will surprise you with its discretion and its fantastic design. Designed to be low luminance and equipped with a wide variety of optics, it offers users comfortable and efficient light.<\/p>\n<p>Offering adjustable configuration (also available in a square version), optics, finish, colour temperature and quantity of LED modules: the ALVEA is a fully modular choice. What&#8217;s more, each module can be controlled independently.<\/p>\n<p>Thanks to its wide variety of combinations, this product offers extensive ability to adapt to the various configurations of your spaces.<\/p>\n<p>&nbsp;<\/p>\n","protected":false},"featured_media":3174,"template":"","meta":{"_acf_changed":false},"product_brand":[],"product_cat":[40,57,31],"product_tag":[101],"class_list":{"0":"post-3171","1":"product","2":"type-product","3":"status-publish","4":"has-post-thumbnail","6":"product_cat-encastre","7":"product_cat-fixe","8":"product_cat-interieur","9":"product_tag-gamme-alvea","11":"first","12":"instock","13":"shipping-taxable","14":"product-type-simple"},"acf":[],"yoast_head":"<!-- This site is optimized with the Yoast SEO plugin v27.2 - https:\/\/yoast.com\/product\/yoast-seo-wordpress\/ -->\n<title>ALVEA \/ L4 - SOKA<\/title>\n<meta name=\"robots\" content=\"index, follow, max-snippet:-1, max-image-preview:large, max-video-preview:-1\" \/>\n<link rel=\"canonical\" href=\"https:\/\/soka.fr\/en\/product\/alvea-l4\/\" \/>\n<meta property=\"og:locale\" content=\"en_US\" \/>\n<meta property=\"og:type\" content=\"article\" \/>\n<meta property=\"og:title\" content=\"ALVEA \/ L4 - SOKA\" \/>\n<meta property=\"og:description\" content=\"This small recessed linear light will surprise you with its discretion and its fantastic design. Designed to be low luminance and equipped with a wide variety of optics, it offers users comfortable and efficient light. Offering adjustable configuration (also available in a square version), optics, finish, colour temperature and quantity of LED modules: the ALVEA is a fully modular choice. What&#039;s more, each module can be controlled independently.  Thanks to its wide variety of combinations, this product offers extensive ability to adapt to the various configurations of your spaces.  &nbsp;\" \/>\n<meta property=\"og:url\" content=\"https:\/\/soka.fr\/en\/product\/alvea-l4\/\" \/>\n<meta property=\"og:site_name\" content=\"SOKA\" \/>\n<meta property=\"article:modified_time\" content=\"2021-10-27T12:26:44+00:00\" \/>\n<meta property=\"og:image\" content=\"https:\/\/soka.fr\/wp-content\/uploads\/2021\/01\/alvea-ima1.jpg\" \/>\n\t<meta property=\"og:image:width\" content=\"2000\" \/>\n\t<meta property=\"og:image:height\" content=\"2000\" \/>\n\t<meta property=\"og:image:type\" content=\"image\/jpeg\" \/>\n<meta name=\"twitter:card\" content=\"summary_large_image\" \/>\n<script type=\"application\/ld+json\" class=\"yoast-schema-graph\">{\"@context\":\"https:\/\/schema.org\",\"@graph\":[{\"@type\":\"WebPage\",\"@id\":\"https:\/\/soka.fr\/en\/product\/alvea-l4\/\",\"url\":\"https:\/\/soka.fr\/en\/product\/alvea-l4\/\",\"name\":\"ALVEA \/ L4 - SOKA\",\"isPartOf\":{\"@id\":\"https:\/\/soka.fr\/en\/#website\"},\"primaryImageOfPage\":{\"@id\":\"https:\/\/soka.fr\/en\/product\/alvea-l4\/#primaryimage\"},\"image\":{\"@id\":\"https:\/\/soka.fr\/en\/product\/alvea-l4\/#primaryimage\"},\"thumbnailUrl\":\"https:\/\/soka.fr\/wp-content\/uploads\/2021\/01\/alvea-ima1.jpg\",\"datePublished\":\"2021-01-06T10:51:53+00:00\",\"dateModified\":\"2021-10-27T12:26:44+00:00\",\"breadcrumb\":{\"@id\":\"https:\/\/soka.fr\/en\/product\/alvea-l4\/#breadcrumb\"},\"inLanguage\":\"en-US\",\"potentialAction\":[{\"@type\":\"ReadAction\",\"target\":[[\"https:\/\/soka.fr\/en\/product\/alvea-l4\/\"]]}]},{\"@type\":\"ImageObject\",\"inLanguage\":\"en-US\",\"@id\":\"https:\/\/soka.fr\/en\/product\/alvea-l4\/#primaryimage\",\"url\":\"https:\/\/soka.fr\/wp-content\/uploads\/2021\/01\/alvea-ima1.jpg\",\"contentUrl\":\"https:\/\/soka.fr\/wp-content\/uploads\/2021\/01\/alvea-ima1.jpg\",\"width\":2000,\"height\":2000,\"caption\":\"Alvea, petit lin\u00e9aire encastr\u00e9 vous surprendra par sa discr\u00e9tion et son design\"},{\"@type\":\"BreadcrumbList\",\"@id\":\"https:\/\/soka.fr\/en\/product\/alvea-l4\/#breadcrumb\",\"itemListElement\":[{\"@type\":\"ListItem\",\"position\":1,\"name\":\"Accueil\",\"item\":\"https:\/\/soka.fr\/en\/\"},{\"@type\":\"ListItem\",\"position\":2,\"name\":\"Boutique\",\"item\":\"https:\/\/soka.fr\/en\/boutique\/\"},{\"@type\":\"ListItem\",\"position\":3,\"name\":\"ALVEA \/ L4\"}]},{\"@type\":\"WebSite\",\"@id\":\"https:\/\/soka.fr\/en\/#website\",\"url\":\"https:\/\/soka.fr\/en\/\",\"name\":\"SOKA\",\"description\":\"Fabricant de luminaires\",\"potentialAction\":[{\"@type\":\"SearchAction\",\"target\":{\"@type\":\"EntryPoint\",\"urlTemplate\":\"https:\/\/soka.fr\/en\/?s={search_term_string}\"},\"query-input\":{\"@type\":\"PropertyValueSpecification\",\"valueRequired\":true,\"valueName\":\"search_term_string\"}}],\"inLanguage\":\"en-US\"}]}<\/script>\n<!-- \/ Yoast SEO plugin. -->","yoast_head_json":{"title":"ALVEA \/ L4 - SOKA","robots":{"index":"index","follow":"follow","max-snippet":"max-snippet:-1","max-image-preview":"max-image-preview:large","max-video-preview":"max-video-preview:-1"},"canonical":"https:\/\/soka.fr\/en\/product\/alvea-l4\/","og_locale":"en_US","og_type":"article","og_title":"ALVEA \/ L4 - SOKA","og_description":"This small recessed linear light will surprise you with its discretion and its fantastic design. Designed to be low luminance and equipped with a wide variety of optics, it offers users comfortable and efficient light. Offering adjustable configuration (also available in a square version), optics, finish, colour temperature and quantity of LED modules: the ALVEA is a fully modular choice. What's more, each module can be controlled independently.  Thanks to its wide variety of combinations, this product offers extensive ability to adapt to the various configurations of your spaces.  &nbsp;","og_url":"https:\/\/soka.fr\/en\/product\/alvea-l4\/","og_site_name":"SOKA","article_modified_time":"2021-10-27T12:26:44+00:00","og_image":[{"width":2000,"height":2000,"url":"https:\/\/soka.fr\/wp-content\/uploads\/2021\/01\/alvea-ima1.jpg","type":"image\/jpeg"}],"twitter_card":"summary_large_image","schema":{"@context":"https:\/\/schema.org","@graph":[{"@type":"WebPage","@id":"https:\/\/soka.fr\/en\/product\/alvea-l4\/","url":"https:\/\/soka.fr\/en\/product\/alvea-l4\/","name":"ALVEA \/ L4 - SOKA","isPartOf":{"@id":"https:\/\/soka.fr\/en\/#website"},"primaryImageOfPage":{"@id":"https:\/\/soka.fr\/en\/product\/alvea-l4\/#primaryimage"},"image":{"@id":"https:\/\/soka.fr\/en\/product\/alvea-l4\/#primaryimage"},"thumbnailUrl":"https:\/\/soka.fr\/wp-content\/uploads\/2021\/01\/alvea-ima1.jpg","datePublished":"2021-01-06T10:51:53+00:00","dateModified":"2021-10-27T12:26:44+00:00","breadcrumb":{"@id":"https:\/\/soka.fr\/en\/product\/alvea-l4\/#breadcrumb"},"inLanguage":"en-US","potentialAction":[{"@type":"ReadAction","target":[["https:\/\/soka.fr\/en\/product\/alvea-l4\/"]]}]},{"@type":"ImageObject","inLanguage":"en-US","@id":"https:\/\/soka.fr\/en\/product\/alvea-l4\/#primaryimage","url":"https:\/\/soka.fr\/wp-content\/uploads\/2021\/01\/alvea-ima1.jpg","contentUrl":"https:\/\/soka.fr\/wp-content\/uploads\/2021\/01\/alvea-ima1.jpg","width":2000,"height":2000,"caption":"Alvea, petit lin\u00e9aire encastr\u00e9 vous surprendra par sa discr\u00e9tion et son design"},{"@type":"BreadcrumbList","@id":"https:\/\/soka.fr\/en\/product\/alvea-l4\/#breadcrumb","itemListElement":[{"@type":"ListItem","position":1,"name":"Accueil","item":"https:\/\/soka.fr\/en\/"},{"@type":"ListItem","position":2,"name":"Boutique","item":"https:\/\/soka.fr\/en\/boutique\/"},{"@type":"ListItem","position":3,"name":"ALVEA \/ L4"}]},{"@type":"WebSite","@id":"https:\/\/soka.fr\/en\/#website","url":"https:\/\/soka.fr\/en\/","name":"SOKA","description":"Fabricant de luminaires","potentialAction":[{"@type":"SearchAction","target":{"@type":"EntryPoint","urlTemplate":"https:\/\/soka.fr\/en\/?s={search_term_string}"},"query-input":{"@type":"PropertyValueSpecification","valueRequired":true,"valueName":"search_term_string"}}],"inLanguage":"en-US"}]}},"_links":{"self":[{"href":"https:\/\/soka.fr\/en\/wp-json\/wp\/v2\/product\/3171","targetHints":{"allow":["GET"]}}],"collection":[{"href":"https:\/\/soka.fr\/en\/wp-json\/wp\/v2\/product"}],"about":[{"href":"https:\/\/soka.fr\/en\/wp-json\/wp\/v2\/types\/product"}],"wp:featuredmedia":[{"embeddable":true,"href":"https:\/\/soka.fr\/en\/wp-json\/wp\/v2\/media\/3174"}],"wp:attachment":[{"href":"https:\/\/soka.fr\/en\/wp-json\/wp\/v2\/media?parent=3171"}],"wp:term":[{"taxonomy":"product_brand","embeddable":true,"href":"https:\/\/soka.fr\/en\/wp-json\/wp\/v2\/product_brand?post=3171"},{"taxonomy":"product_cat","embeddable":true,"href":"https:\/\/soka.fr\/en\/wp-json\/wp\/v2\/product_cat?post=3171"},{"taxonomy":"product_tag","embeddable":true,"href":"https:\/\/soka.fr\/en\/wp-json\/wp\/v2\/product_tag?post=3171"}],"curies":[{"name":"wp","href":"https:\/\/api.w.org\/{rel}","templated":true}]}}