{"id":15294,"date":"2021-11-17T11:34:15","date_gmt":"2021-11-17T10:34:15","guid":{"rendered":"https:\/\/soka.fr\/?post_type=product&#038;p=15294"},"modified":"2021-11-17T20:26:37","modified_gmt":"2021-11-17T19:26:37","slug":"hera-m","status":"publish","type":"product","link":"https:\/\/soka.fr\/en\/product\/hera-m\/","title":{"rendered":"HERA M"},"content":{"rendered":"","protected":false},"excerpt":{"rendered":"<p>This compact and efficient recessed floor light offers a wide range of optics and three types of high-efficiency LEDs. Machined in one piece using the best aluminium and stainless-steel alloys, the HERA M benefits from anti-corrosion and anti-condensation technology. Equipped with 8-mm-thick tempered glass, it is robust and resists wear due to harsh conditions such as sea air or heavy traffic.<\/p>\n<input id='toggle' class='readmore-toggle' type='checkbox'><label class='readmore-label' for='toggle'>+ Read More<\/label>\n  <div id='expand' class='readmore-expand'>\n<p>HERA M is perfect for both accentuating a precise point via an ultra-intensive beam or for achieving more homogenous lighting with wide-beam optics.<\/div><\/p>\n","protected":false},"featured_media":15311,"template":"","meta":{"_acf_changed":false},"product_brand":[],"product_cat":[40,85,30,42,35],"product_tag":[64,99],"class_list":{"0":"post-15294","1":"product","2":"type-product","3":"status-publish","4":"has-post-thumbnail","6":"product_cat-encastre","7":"product_cat-etanche","8":"product_cat-exterieur","9":"product_cat-sol","10":"product_cat-spot","11":"product_tag-exterieur","12":"product_tag-gamme-hera","14":"first","15":"instock","16":"shipping-taxable","17":"product-type-simple"},"acf":[],"yoast_head":"<!-- This site is optimized with the Yoast SEO plugin v27.2 - https:\/\/yoast.com\/product\/yoast-seo-wordpress\/ -->\n<title>HERA M - SOKA<\/title>\n<meta name=\"description\" content=\"Le HERA M est un spot encastr\u00e9 sol de la gamme des HERA. Il est class\u00e9 IP 67 et est adapt\u00e9 pour un usage ext\u00e9rieur.\" \/>\n<meta name=\"robots\" content=\"index, follow, max-snippet:-1, max-image-preview:large, max-video-preview:-1\" \/>\n<link rel=\"canonical\" href=\"https:\/\/soka.fr\/en\/product\/hera-m\/\" \/>\n<meta property=\"og:locale\" content=\"en_US\" \/>\n<meta property=\"og:type\" content=\"article\" \/>\n<meta property=\"og:title\" content=\"HERA M - SOKA\" \/>\n<meta property=\"og:description\" content=\"Le HERA M est un spot encastr\u00e9 sol de la gamme des HERA. Il est class\u00e9 IP 67 et est adapt\u00e9 pour un usage ext\u00e9rieur.\" \/>\n<meta property=\"og:url\" content=\"https:\/\/soka.fr\/en\/product\/hera-m\/\" \/>\n<meta property=\"og:site_name\" content=\"SOKA\" \/>\n<meta property=\"article:modified_time\" content=\"2021-11-17T19:26:37+00:00\" \/>\n<meta property=\"og:image\" content=\"https:\/\/soka.fr\/wp-content\/uploads\/2021\/11\/hera-m-ima1.jpg\" \/>\n\t<meta property=\"og:image:width\" content=\"2000\" \/>\n\t<meta property=\"og:image:height\" content=\"2000\" \/>\n\t<meta property=\"og:image:type\" content=\"image\/jpeg\" \/>\n<meta name=\"twitter:card\" content=\"summary_large_image\" \/>\n<script type=\"application\/ld+json\" class=\"yoast-schema-graph\">{\"@context\":\"https:\/\/schema.org\",\"@graph\":[{\"@type\":\"WebPage\",\"@id\":\"https:\/\/soka.fr\/en\/product\/hera-m\/\",\"url\":\"https:\/\/soka.fr\/en\/product\/hera-m\/\",\"name\":\"HERA M - SOKA\",\"isPartOf\":{\"@id\":\"https:\/\/soka.fr\/en\/#website\"},\"primaryImageOfPage\":{\"@id\":\"https:\/\/soka.fr\/en\/product\/hera-m\/#primaryimage\"},\"image\":{\"@id\":\"https:\/\/soka.fr\/en\/product\/hera-m\/#primaryimage\"},\"thumbnailUrl\":\"https:\/\/soka.fr\/wp-content\/uploads\/2021\/11\/hera-m-ima1.jpg\",\"datePublished\":\"2021-11-17T10:34:15+00:00\",\"dateModified\":\"2021-11-17T19:26:37+00:00\",\"description\":\"Le HERA M est un spot encastr\u00e9 sol de la gamme des HERA. Il est class\u00e9 IP 67 et est adapt\u00e9 pour un usage ext\u00e9rieur.\",\"breadcrumb\":{\"@id\":\"https:\/\/soka.fr\/en\/product\/hera-m\/#breadcrumb\"},\"inLanguage\":\"en-US\",\"potentialAction\":[{\"@type\":\"ReadAction\",\"target\":[[\"https:\/\/soka.fr\/en\/product\/hera-m\/\"]]}]},{\"@type\":\"ImageObject\",\"inLanguage\":\"en-US\",\"@id\":\"https:\/\/soka.fr\/en\/product\/hera-m\/#primaryimage\",\"url\":\"https:\/\/soka.fr\/wp-content\/uploads\/2021\/11\/hera-m-ima1.jpg\",\"contentUrl\":\"https:\/\/soka.fr\/wp-content\/uploads\/2021\/11\/hera-m-ima1.jpg\",\"width\":2000,\"height\":2000,\"caption\":\"Spot pour encastrement sol HERA M\"},{\"@type\":\"BreadcrumbList\",\"@id\":\"https:\/\/soka.fr\/en\/product\/hera-m\/#breadcrumb\",\"itemListElement\":[{\"@type\":\"ListItem\",\"position\":1,\"name\":\"Accueil\",\"item\":\"https:\/\/soka.fr\/en\/\"},{\"@type\":\"ListItem\",\"position\":2,\"name\":\"Boutique\",\"item\":\"https:\/\/soka.fr\/en\/boutique\/\"},{\"@type\":\"ListItem\",\"position\":3,\"name\":\"HERA M\"}]},{\"@type\":\"WebSite\",\"@id\":\"https:\/\/soka.fr\/en\/#website\",\"url\":\"https:\/\/soka.fr\/en\/\",\"name\":\"SOKA\",\"description\":\"Fabricant de luminaires\",\"potentialAction\":[{\"@type\":\"SearchAction\",\"target\":{\"@type\":\"EntryPoint\",\"urlTemplate\":\"https:\/\/soka.fr\/en\/?s={search_term_string}\"},\"query-input\":{\"@type\":\"PropertyValueSpecification\",\"valueRequired\":true,\"valueName\":\"search_term_string\"}}],\"inLanguage\":\"en-US\"}]}<\/script>\n<!-- \/ Yoast SEO plugin. -->","yoast_head_json":{"title":"HERA M - SOKA","description":"Le HERA M est un spot encastr\u00e9 sol de la gamme des HERA. Il est class\u00e9 IP 67 et est adapt\u00e9 pour un usage ext\u00e9rieur.","robots":{"index":"index","follow":"follow","max-snippet":"max-snippet:-1","max-image-preview":"max-image-preview:large","max-video-preview":"max-video-preview:-1"},"canonical":"https:\/\/soka.fr\/en\/product\/hera-m\/","og_locale":"en_US","og_type":"article","og_title":"HERA M - SOKA","og_description":"Le HERA M est un spot encastr\u00e9 sol de la gamme des HERA. Il est class\u00e9 IP 67 et est adapt\u00e9 pour un usage ext\u00e9rieur.","og_url":"https:\/\/soka.fr\/en\/product\/hera-m\/","og_site_name":"SOKA","article_modified_time":"2021-11-17T19:26:37+00:00","og_image":[{"width":2000,"height":2000,"url":"https:\/\/soka.fr\/wp-content\/uploads\/2021\/11\/hera-m-ima1.jpg","type":"image\/jpeg"}],"twitter_card":"summary_large_image","schema":{"@context":"https:\/\/schema.org","@graph":[{"@type":"WebPage","@id":"https:\/\/soka.fr\/en\/product\/hera-m\/","url":"https:\/\/soka.fr\/en\/product\/hera-m\/","name":"HERA M - SOKA","isPartOf":{"@id":"https:\/\/soka.fr\/en\/#website"},"primaryImageOfPage":{"@id":"https:\/\/soka.fr\/en\/product\/hera-m\/#primaryimage"},"image":{"@id":"https:\/\/soka.fr\/en\/product\/hera-m\/#primaryimage"},"thumbnailUrl":"https:\/\/soka.fr\/wp-content\/uploads\/2021\/11\/hera-m-ima1.jpg","datePublished":"2021-11-17T10:34:15+00:00","dateModified":"2021-11-17T19:26:37+00:00","description":"Le HERA M est un spot encastr\u00e9 sol de la gamme des HERA. Il est class\u00e9 IP 67 et est adapt\u00e9 pour un usage ext\u00e9rieur.","breadcrumb":{"@id":"https:\/\/soka.fr\/en\/product\/hera-m\/#breadcrumb"},"inLanguage":"en-US","potentialAction":[{"@type":"ReadAction","target":[["https:\/\/soka.fr\/en\/product\/hera-m\/"]]}]},{"@type":"ImageObject","inLanguage":"en-US","@id":"https:\/\/soka.fr\/en\/product\/hera-m\/#primaryimage","url":"https:\/\/soka.fr\/wp-content\/uploads\/2021\/11\/hera-m-ima1.jpg","contentUrl":"https:\/\/soka.fr\/wp-content\/uploads\/2021\/11\/hera-m-ima1.jpg","width":2000,"height":2000,"caption":"Spot pour encastrement sol HERA M"},{"@type":"BreadcrumbList","@id":"https:\/\/soka.fr\/en\/product\/hera-m\/#breadcrumb","itemListElement":[{"@type":"ListItem","position":1,"name":"Accueil","item":"https:\/\/soka.fr\/en\/"},{"@type":"ListItem","position":2,"name":"Boutique","item":"https:\/\/soka.fr\/en\/boutique\/"},{"@type":"ListItem","position":3,"name":"HERA M"}]},{"@type":"WebSite","@id":"https:\/\/soka.fr\/en\/#website","url":"https:\/\/soka.fr\/en\/","name":"SOKA","description":"Fabricant de luminaires","potentialAction":[{"@type":"SearchAction","target":{"@type":"EntryPoint","urlTemplate":"https:\/\/soka.fr\/en\/?s={search_term_string}"},"query-input":{"@type":"PropertyValueSpecification","valueRequired":true,"valueName":"search_term_string"}}],"inLanguage":"en-US"}]}},"_links":{"self":[{"href":"https:\/\/soka.fr\/en\/wp-json\/wp\/v2\/product\/15294","targetHints":{"allow":["GET"]}}],"collection":[{"href":"https:\/\/soka.fr\/en\/wp-json\/wp\/v2\/product"}],"about":[{"href":"https:\/\/soka.fr\/en\/wp-json\/wp\/v2\/types\/product"}],"wp:featuredmedia":[{"embeddable":true,"href":"https:\/\/soka.fr\/en\/wp-json\/wp\/v2\/media\/15311"}],"wp:attachment":[{"href":"https:\/\/soka.fr\/en\/wp-json\/wp\/v2\/media?parent=15294"}],"wp:term":[{"taxonomy":"product_brand","embeddable":true,"href":"https:\/\/soka.fr\/en\/wp-json\/wp\/v2\/product_brand?post=15294"},{"taxonomy":"product_cat","embeddable":true,"href":"https:\/\/soka.fr\/en\/wp-json\/wp\/v2\/product_cat?post=15294"},{"taxonomy":"product_tag","embeddable":true,"href":"https:\/\/soka.fr\/en\/wp-json\/wp\/v2\/product_tag?post=15294"}],"curies":[{"name":"wp","href":"https:\/\/api.w.org\/{rel}","templated":true}]}}