{"id":241,"date":"2020-08-18T15:06:32","date_gmt":"2020-08-18T13:06:32","guid":{"rendered":"https:\/\/soka.fr\/?page_id=241"},"modified":"2021-04-14T12:16:53","modified_gmt":"2021-04-14T10:16:53","slug":"mentions-legales","status":"publish","type":"page","link":"https:\/\/soka.fr\/en\/mentions-legales\/","title":{"rendered":"Legal Mentions"},"content":{"rendered":"<div class=\"wpb-content-wrapper\"><p>[vc_row][vc_column][vc_empty_space height=&#8221;50&#8243;]<div class=\"porto-u-heading  wpb_custom_95aa9a11c17ad45cfabaf210d84ee7cc porto-u-55ca8359258f9a412be7e73af65d2aac \"><div class=\"porto-u-main-heading\"><h2  >LEGAL NOTICE<\/h2><\/div><style>.porto-u-55ca8359258f9a412be7e73af65d2aac.porto-u-heading{text-align:center}<\/style><\/div>[vc_separator el_width=&#8221;10&#8243;][vc_empty_space height=&#8221;50&#8243;][\/vc_column][\/vc_row][vc_row][vc_column width=&#8221;1\/4&#8243;][\/vc_column][vc_column width=&#8221;1\/2&#8243;][vc_column_text]<strong><br \/>\nThe site www.soka.com that you are currently viewing is the property of:<\/strong><\/p>\n<p><strong>SOKA<\/strong><br \/>\n11 rue Georges M\u00e9li\u00e8s<br \/>\nZac des Bois Rochefort<br \/>\n95240 Cormeilles-en-Parisis<\/p>\n<p>Phone : +33 (0) 1 34 11 49 10<br \/>\nEmail : <a href=\"mailto:contact@soka.com\">contact@soka.com<\/a><\/p>\n<p>SAS au capital de 1 000 000 EUR<br \/>\nSIRET 702 030 388 00046<br \/>\nCode APE 2740Z<br \/>\nIdentification intracommunautaire FR 16 702 030 388<\/p>\n<p><strong>This site is hosted by the company<br \/>\n<\/strong>IONOS by 1&amp;1<br \/>\n7, place de la Gare<br \/>\nBP 70109<br \/>\n57201 Sarreguemines Cedex<\/p>\n<p><em>The server containing the data of the site is located in Amsterdam (European Union).<\/em><\/p>\n<p><strong>Director of the publication<\/strong><br \/>\nStephan Clout<\/p>\n<p><strong>Copyright<br \/>\n<\/strong><br \/>\nCopyright \u00a9 SOKA applies to the whole content of www.soka.com website.<\/p>\n<p><strong>Personal Data<\/strong><\/p>\n<p>In certain circumstances, you may be asked to fill out a form, either to receive additional information or to access to our services.<br \/>\nThese forms require from the users to provide a minimum of contact informations.<br \/>\nThose informations are necessary to provide the services and will only be used in connection with the activities of\u00a0 SOKA.<br \/>\nAll information will be kept confidential and will be used only internally.<\/p>\n<p>In accordance with the law n \u00b0 78-17 of January 6, 1978 &#8220;Informatique et Libert\u00e9s&#8221;, you have a right to access and rectify data concerned by you by contacting SOKA at the following address: <a href=\"mailto:contact@soka.com\">contact@soka.com<\/a><\/p>\n<p><strong>Intellectual property <\/strong><\/p>\n<p>L.122-4 of the Intellectual Property Code Access to the www.soka.com website gives you a private and non-exclusive right to use This site. All the elements published on this site, including texts, photographs, infographies, logos, plans &#8230; constituting works within the meaning of the intellectual property code.<br \/>\nConsequently, any representation or reproduction, in whole or in part, which may be made without the consent of the authors or their successors in title, is unlawful. Failure to comply with these prohibitions is likely to constitute an act of infringement involving the civil and criminal liability of any offender.<\/p>\n<p><strong>Site availability<\/strong><\/p>\n<p>SOKA is committed to making its best efforts to ensure that users have access to the site at all times.<br \/>\nSOKA can not be held responsible, in case of unavailability of the site, for any reason whatsoever.<\/p>\n<p><strong>Links to other sites<\/strong><\/p>\n<p>SOKA offers on its site www.soka.com links to third-party sites. These links are established in agreement with the sites concerned at a time when SOKA may have considered it appropriate to do so, given the contents and services of these sites.<\/p>\n<p>SOKA can not be held responsible for the content of these sites and the use that may be made by the users.[\/vc_column_text][\/vc_column][vc_column width=&#8221;1\/4&#8243;][\/vc_column][\/vc_row]<\/p>\n<\/div>","protected":false},"excerpt":{"rendered":"<p>[vc_row][vc_column][vc_empty_space height=&#8221;50&#8243;][vc_separator el_width=&#8221;10&#8243;][vc_empty_space height=&#8221;50&#8243;][\/vc_column][\/vc_row][vc_row][vc_column width=&#8221;1\/4&#8243;][\/vc_column][vc_column width=&#8221;1\/2&#8243;][vc_column_text] The site www.soka.com that you are currently viewing is the property of: SOKA 11 rue Georges M\u00e9li\u00e8s Zac des Bois Rochefort 95240 Cormeilles-en-Parisis Phone : +33 (0) 1 34 11 49 10 Email : contact@soka.com SAS au capital de 1 000 000 EUR SIRET 702 030 388 00046 Code [&hellip;]<\/p>\n","protected":false},"author":1,"featured_media":0,"parent":0,"menu_order":0,"comment_status":"closed","ping_status":"closed","template":"","meta":{"_acf_changed":false,"footnotes":""},"class_list":["post-241","page","type-page","status-publish","hentry"],"acf":[],"yoast_head":"<!-- This site is optimized with the Yoast SEO plugin v27.2 - https:\/\/yoast.com\/product\/yoast-seo-wordpress\/ -->\n<title>Legal Mentions - SOKA<\/title>\n<meta name=\"description\" content=\"Vous trouverez ici les mentions l\u00e9gales du site soka.fr, propri\u00e9t\u00e9 de l&#039;entreprise SOKA SAS sp\u00e9cialis\u00e9e dans la production de luminaires.\" \/>\n<meta name=\"robots\" content=\"noindex, follow\" \/>\n<meta property=\"og:locale\" content=\"en_US\" \/>\n<meta property=\"og:type\" content=\"article\" \/>\n<meta property=\"og:title\" content=\"Legal Mentions - SOKA\" \/>\n<meta property=\"og:description\" content=\"Vous trouverez ici les mentions l\u00e9gales du site soka.fr, propri\u00e9t\u00e9 de l&#039;entreprise SOKA SAS sp\u00e9cialis\u00e9e dans la production de luminaires.\" \/>\n<meta property=\"og:url\" content=\"https:\/\/soka.fr\/en\/mentions-legales\/\" \/>\n<meta property=\"og:site_name\" content=\"SOKA\" \/>\n<meta property=\"article:modified_time\" content=\"2021-04-14T10:16:53+00:00\" \/>\n<meta name=\"twitter:card\" content=\"summary_large_image\" \/>\n<meta name=\"twitter:label1\" content=\"Est. reading time\" \/>\n\t<meta name=\"twitter:data1\" content=\"2 minutes\" \/>\n<script type=\"application\/ld+json\" class=\"yoast-schema-graph\">{\"@context\":\"https:\/\/schema.org\",\"@graph\":[{\"@type\":\"WebPage\",\"@id\":\"https:\/\/soka.fr\/en\/mentions-legales\/\",\"url\":\"https:\/\/soka.fr\/en\/mentions-legales\/\",\"name\":\"Legal Mentions - SOKA\",\"isPartOf\":{\"@id\":\"https:\/\/soka.fr\/en\/#website\"},\"datePublished\":\"2020-08-18T13:06:32+00:00\",\"dateModified\":\"2021-04-14T10:16:53+00:00\",\"description\":\"Vous trouverez ici les mentions l\u00e9gales du site soka.fr, propri\u00e9t\u00e9 de l'entreprise SOKA SAS sp\u00e9cialis\u00e9e dans la production de luminaires.\",\"breadcrumb\":{\"@id\":\"https:\/\/soka.fr\/en\/mentions-legales\/#breadcrumb\"},\"inLanguage\":\"en-US\",\"potentialAction\":[{\"@type\":\"ReadAction\",\"target\":[[\"https:\/\/soka.fr\/en\/mentions-legales\/\"]]}]},{\"@type\":\"BreadcrumbList\",\"@id\":\"https:\/\/soka.fr\/en\/mentions-legales\/#breadcrumb\",\"itemListElement\":[{\"@type\":\"ListItem\",\"position\":1,\"name\":\"Accueil\",\"item\":\"https:\/\/soka.fr\/en\/\"},{\"@type\":\"ListItem\",\"position\":2,\"name\":\"Legal Mentions\"}]},{\"@type\":\"WebSite\",\"@id\":\"https:\/\/soka.fr\/en\/#website\",\"url\":\"https:\/\/soka.fr\/en\/\",\"name\":\"SOKA\",\"description\":\"Fabricant de luminaires\",\"potentialAction\":[{\"@type\":\"SearchAction\",\"target\":{\"@type\":\"EntryPoint\",\"urlTemplate\":\"https:\/\/soka.fr\/en\/?s={search_term_string}\"},\"query-input\":{\"@type\":\"PropertyValueSpecification\",\"valueRequired\":true,\"valueName\":\"search_term_string\"}}],\"inLanguage\":\"en-US\"}]}<\/script>\n<!-- \/ Yoast SEO plugin. -->","yoast_head_json":{"title":"Legal Mentions - SOKA","description":"Vous trouverez ici les mentions l\u00e9gales du site soka.fr, propri\u00e9t\u00e9 de l'entreprise SOKA SAS sp\u00e9cialis\u00e9e dans la production de luminaires.","robots":{"index":"noindex","follow":"follow"},"og_locale":"en_US","og_type":"article","og_title":"Legal Mentions - SOKA","og_description":"Vous trouverez ici les mentions l\u00e9gales du site soka.fr, propri\u00e9t\u00e9 de l'entreprise SOKA SAS sp\u00e9cialis\u00e9e dans la production de luminaires.","og_url":"https:\/\/soka.fr\/en\/mentions-legales\/","og_site_name":"SOKA","article_modified_time":"2021-04-14T10:16:53+00:00","twitter_card":"summary_large_image","twitter_misc":{"Est. reading time":"2 minutes"},"schema":{"@context":"https:\/\/schema.org","@graph":[{"@type":"WebPage","@id":"https:\/\/soka.fr\/en\/mentions-legales\/","url":"https:\/\/soka.fr\/en\/mentions-legales\/","name":"Legal Mentions - SOKA","isPartOf":{"@id":"https:\/\/soka.fr\/en\/#website"},"datePublished":"2020-08-18T13:06:32+00:00","dateModified":"2021-04-14T10:16:53+00:00","description":"Vous trouverez ici les mentions l\u00e9gales du site soka.fr, propri\u00e9t\u00e9 de l'entreprise SOKA SAS sp\u00e9cialis\u00e9e dans la production de luminaires.","breadcrumb":{"@id":"https:\/\/soka.fr\/en\/mentions-legales\/#breadcrumb"},"inLanguage":"en-US","potentialAction":[{"@type":"ReadAction","target":[["https:\/\/soka.fr\/en\/mentions-legales\/"]]}]},{"@type":"BreadcrumbList","@id":"https:\/\/soka.fr\/en\/mentions-legales\/#breadcrumb","itemListElement":[{"@type":"ListItem","position":1,"name":"Accueil","item":"https:\/\/soka.fr\/en\/"},{"@type":"ListItem","position":2,"name":"Legal Mentions"}]},{"@type":"WebSite","@id":"https:\/\/soka.fr\/en\/#website","url":"https:\/\/soka.fr\/en\/","name":"SOKA","description":"Fabricant de luminaires","potentialAction":[{"@type":"SearchAction","target":{"@type":"EntryPoint","urlTemplate":"https:\/\/soka.fr\/en\/?s={search_term_string}"},"query-input":{"@type":"PropertyValueSpecification","valueRequired":true,"valueName":"search_term_string"}}],"inLanguage":"en-US"}]}},"_links":{"self":[{"href":"https:\/\/soka.fr\/en\/wp-json\/wp\/v2\/pages\/241","targetHints":{"allow":["GET"]}}],"collection":[{"href":"https:\/\/soka.fr\/en\/wp-json\/wp\/v2\/pages"}],"about":[{"href":"https:\/\/soka.fr\/en\/wp-json\/wp\/v2\/types\/page"}],"author":[{"embeddable":true,"href":"https:\/\/soka.fr\/en\/wp-json\/wp\/v2\/users\/1"}],"replies":[{"embeddable":true,"href":"https:\/\/soka.fr\/en\/wp-json\/wp\/v2\/comments?post=241"}],"version-history":[{"count":0,"href":"https:\/\/soka.fr\/en\/wp-json\/wp\/v2\/pages\/241\/revisions"}],"wp:attachment":[{"href":"https:\/\/soka.fr\/en\/wp-json\/wp\/v2\/media?parent=241"}],"curies":[{"name":"wp","href":"https:\/\/api.w.org\/{rel}","templated":true}]}}