{"id":190,"date":"2020-08-13T15:25:46","date_gmt":"2020-08-13T13:25:46","guid":{"rendered":"https:\/\/soka.fr\/?page_id=190"},"modified":"2021-02-04T19:59:22","modified_gmt":"2021-02-04T18:59:22","slug":"sur-mesure","status":"publish","type":"page","link":"https:\/\/soka.fr\/en\/sur-mesure\/","title":{"rendered":"Custom"},"content":{"rendered":"<div class=\"wpb-content-wrapper\"><p>[vc_row][vc_column width=&#8221;1\/4&#8243;][\/vc_column][vc_column width=&#8221;1\/2&#8243;][vc_empty_space height=&#8221;70&#8243;]<div class=\"porto-u-heading  wpb_custom_95aa9a11c17ad45cfabaf210d84ee7cc porto-u-55ca8359258f9a412be7e73af65d2aac \"><div class=\"porto-u-main-heading\"><h5  >MADE-TO-MEASURE<\/h5><\/div><style>.porto-u-55ca8359258f9a412be7e73af65d2aac.porto-u-heading{text-align:center}<\/style><\/div>[vc_empty_space height=&#8221;20&#8243;]<div class=\"porto-u-heading  wpb_custom_95aa9a11c17ad45cfabaf210d84ee7cc porto-u-55ca8359258f9a412be7e73af65d2aac \"><div class=\"porto-u-main-heading\"><h1  >SOKA<\/h1><\/div><div class=\"porto-u-sub-heading\" style=\"\">\n<h5><strong>REACTIVITY, AUTHENTICITY &amp; PRODUCTIVITY<\/strong><\/h5>\n<p><\/div><style>.porto-u-55ca8359258f9a412be7e73af65d2aac.porto-u-heading{text-align:center}<\/style><\/div>[vc_separator color=&#8221;black&#8221; el_width=&#8221;10&#8243; style=&#8221;solid&#8221;][vc_empty_space height=&#8221;50&#8243;][\/vc_column][vc_column width=&#8221;1\/4&#8243;][\/vc_column][\/vc_row][vc_row full_width=&#8221;stretch_row&#8221; css=&#8221;.vc_custom_1604502232039{background-image: url(https:\/\/soka.fr\/wp-content\/uploads\/2020\/11\/slide-surmesure.jpg?id=911) !important;background-position: center !important;background-repeat: no-repeat !important;background-size: cover !important;}&#8221;][vc_column][vc_empty_space height=&#8221;200&#8243;][\/vc_column][\/vc_row][vc_row][vc_column width=&#8221;1\/4&#8243;][\/vc_column][vc_column width=&#8221;1\/2&#8243;][vc_empty_space height=&#8221;50&#8243;]<div class=\"porto-blockquote wpb_content_element \"><blockquote class=\"  blockquote-dark\"><p>\n<h3>Creation of tailor-made lighting fixtures,<br \/>\nAdapted existing products,<\/h3>\n<p><\/p><\/blockquote><\/div>[vc_column_text]All our products can be customised to meet your needs.<br \/>\n<span lang=\"EN-GB\"><strong>Whether you need end-to-end creation of specific lighting<\/strong>, or <strong>the adaptation of a product from our catalogue<\/strong> with add-ons and accessories, our specialists will support you from the launch of your project, right through to completion. <\/span>[\/vc_column_text][vc_row_inner][vc_column_inner width=&#8221;1\/2&#8243;][vc_single_image image=&#8221;715&#8243; img_size=&#8221;large&#8221;][\/vc_column_inner][vc_column_inner width=&#8221;1\/2&#8243;][vc_column_text]For greater precision and responsiveness, our design office is equipped with a latest-generation spectro-goniometer, which allows us to precisely analyse the photometric properties of our products, and provide the photometric files necessary for lighting studies \u2013 as quickly as possible.[\/vc_column_text][\/vc_column_inner][\/vc_row_inner][vc_column_text]Finally, we offer you various options in our product types, materials, finishes (anodised or in the paint of your choice), light engines, control, and accessories such as elliptical filters of all types, shapes and colours, as well as cones, honeycomb grilles, and more.[\/vc_column_text][\/vc_column][vc_column width=&#8221;1\/4&#8243;][\/vc_column][\/vc_row][vc_row][vc_column width=&#8221;1\/4&#8243;][\/vc_column][vc_column width=&#8221;1\/2&#8243;][vc_empty_space height=&#8221;70px&#8221;]<div class=\"porto-u-heading  wpb_custom_95aa9a11c17ad45cfabaf210d84ee7cc porto-u-55ca8359258f9a412be7e73af65d2aac \"><div class=\"porto-u-main-heading\"><h5  >PRODUCTS CUSTOM-MADE FOR ACNE<\/h5><\/div><style>.porto-u-55ca8359258f9a412be7e73af65d2aac.porto-u-heading{text-align:center}<\/style><\/div>[vc_separator color=&#8221;black&#8221; el_width=&#8221;10&#8243; style=&#8221;solid&#8221;][vc_empty_space height=&#8221;50px&#8221;][vc_column_text]For this project, we were projected into the exciting world of fashion: <a href=\"https:\/\/soka.fr\/realisation\/acne-studios\/\"><strong>Acne Studios<\/strong><\/a> and its mythical artistic director <strong>Jonny Johansson<\/strong>.<\/p>\n<p>Just like his creations in the field of fashion, he has not forgotten a single detail in the design of his premises. And it is in this context that he called on Lighting Designer <strong>Benoit LALLOZ<\/strong> to imagine and create lighting for the unique world of <a href=\"https:\/\/soka.fr\/realisation\/acne-studios\/\"><strong>ACNE STUDIOS<\/strong><\/a> &#8216;s head office (Stockholm).<\/p>\n<p>As technical as he is creative, <strong>Benoit LALLOZ<\/strong> has thus imagined about twenty custom-made lights divided into 4 families: CLOCKS, JALOUSY, BUTTERFLY, PINK BULB.[\/vc_column_text][\/vc_column][vc_column width=&#8221;1\/4&#8243;][\/vc_column][\/vc_row][vc_row][vc_column width=&#8221;1\/4&#8243;][\/vc_column][vc_column width=&#8221;1\/2&#8243;][vc_gallery type=&#8221;flexslider_slide&#8221; interval=&#8221;3&#8243; images=&#8221;737,736,735,734,733,732,731,730,729&#8243; img_size=&#8221;large&#8221; onclick=&#8221;&#8221;][\/vc_column][vc_column width=&#8221;1\/4&#8243;][\/vc_column][\/vc_row][vc_row css=&#8221;.vc_custom_1601048760217{background: #ebebed url(https:\/\/soka.fr\/wp-content\/uploads\/2020\/09\/catalogue-400.jpg?id=576) !important;background-position: 0 0 !important;background-repeat: no-repeat !important;}&#8221;][vc_column width=&#8221;2\/3&#8243;][\/vc_column][vc_column width=&#8221;1\/3&#8243;][vc_empty_space height=&#8221;210px&#8221;]<div class=\"porto-u-heading  wpb_custom_95aa9a11c17ad45cfabaf210d84ee7cc porto-u-ad87e2eaf3f9c495180fe0156ddf3eb0 \"><div class=\"porto-u-main-heading\"><h4  >Older catalogue<\/h4><\/div><style>.porto-u-ad87e2eaf3f9c495180fe0156ddf3eb0.porto-u-heading{text-align:left}<\/style><\/div>[vc_empty_space height=&#8221;10px&#8221;]<a class='to-button tiny standard square to-button-border to-icon-anim' style='color: #7c7c7c; background: none !important; border-color: #7c7c7c;' href='https:\/\/soka.fr\/en\/catalogue-2018-2019\/' target='_self'><span style='color: #7c7c7c;'>Consulter<\/span><\/a>[vc_empty_space height=&#8221;80px&#8221;][\/vc_column][\/vc_row][vc_column width=&#8221;1\/4&#8243;][\/vc_column]<\/p>\n<\/div>","protected":false},"excerpt":{"rendered":"<p>[vc_row][vc_column width=&#8221;1\/4&#8243;][\/vc_column][vc_column width=&#8221;1\/2&#8243;][vc_empty_space height=&#8221;70&#8243;][vc_empty_space height=&#8221;20&#8243;][vc_separator color=&#8221;black&#8221; el_width=&#8221;10&#8243; style=&#8221;solid&#8221;][vc_empty_space height=&#8221;50&#8243;][\/vc_column][vc_column width=&#8221;1\/4&#8243;][\/vc_column][\/vc_row][vc_row full_width=&#8221;stretch_row&#8221; css=&#8221;.vc_custom_1604502232039{background-image: url(https:\/\/soka.fr\/wp-content\/uploads\/2020\/11\/slide-surmesure.jpg?id=911) !important;background-position: center !important;background-repeat: no-repeat !important;background-size: cover !important;}&#8221;][vc_column][vc_empty_space height=&#8221;200&#8243;][\/vc_column][\/vc_row][vc_row][vc_column width=&#8221;1\/4&#8243;][\/vc_column][vc_column width=&#8221;1\/2&#8243;][vc_empty_space height=&#8221;50&#8243;][vc_column_text]All our products can be customised to meet your needs. Whether you need end-to-end creation of specific lighting, or the adaptation of a product from our catalogue with add-ons and accessories, our [&hellip;]<\/p>\n","protected":false},"author":1,"featured_media":0,"parent":0,"menu_order":0,"comment_status":"closed","ping_status":"closed","template":"","meta":{"_acf_changed":false,"footnotes":""},"class_list":["post-190","page","type-page","status-publish","hentry"],"acf":[],"yoast_head":"<!-- This site is optimized with the Yoast SEO plugin v27.2 - https:\/\/yoast.com\/product\/yoast-seo-wordpress\/ -->\n<title>Custom - SOKA<\/title>\n<meta name=\"description\" content=\"D\u00e9couvrez la gamme de luminaires sur-mesures de SOKA. Cette gamme de luminaire personnalisable permet de r\u00e9pondre \u00e0 tous vos besoins.\" \/>\n<meta name=\"robots\" content=\"index, follow, max-snippet:-1, max-image-preview:large, max-video-preview:-1\" \/>\n<link rel=\"canonical\" href=\"https:\/\/soka.fr\/en\/sur-mesure\/\" \/>\n<meta property=\"og:locale\" content=\"en_US\" \/>\n<meta property=\"og:type\" content=\"article\" \/>\n<meta property=\"og:title\" content=\"Custom - SOKA\" \/>\n<meta property=\"og:description\" content=\"D\u00e9couvrez la gamme de luminaires sur-mesures de SOKA. Cette gamme de luminaire personnalisable permet de r\u00e9pondre \u00e0 tous vos besoins.\" \/>\n<meta property=\"og:url\" content=\"https:\/\/soka.fr\/en\/sur-mesure\/\" \/>\n<meta property=\"og:site_name\" content=\"SOKA\" \/>\n<meta property=\"article:modified_time\" content=\"2021-02-04T18:59:22+00:00\" \/>\n<meta name=\"twitter:card\" content=\"summary_large_image\" \/>\n<meta name=\"twitter:label1\" content=\"Est. reading time\" \/>\n\t<meta name=\"twitter:data1\" content=\"6 minutes\" \/>\n<script type=\"application\/ld+json\" class=\"yoast-schema-graph\">{\"@context\":\"https:\/\/schema.org\",\"@graph\":[{\"@type\":\"WebPage\",\"@id\":\"https:\/\/soka.fr\/en\/sur-mesure\/\",\"url\":\"https:\/\/soka.fr\/en\/sur-mesure\/\",\"name\":\"Custom - SOKA\",\"isPartOf\":{\"@id\":\"https:\/\/soka.fr\/en\/#website\"},\"datePublished\":\"2020-08-13T13:25:46+00:00\",\"dateModified\":\"2021-02-04T18:59:22+00:00\",\"description\":\"D\u00e9couvrez la gamme de luminaires sur-mesures de SOKA. Cette gamme de luminaire personnalisable permet de r\u00e9pondre \u00e0 tous vos besoins.\",\"breadcrumb\":{\"@id\":\"https:\/\/soka.fr\/en\/sur-mesure\/#breadcrumb\"},\"inLanguage\":\"en-US\",\"potentialAction\":[{\"@type\":\"ReadAction\",\"target\":[[\"https:\/\/soka.fr\/en\/sur-mesure\/\"]]}]},{\"@type\":\"BreadcrumbList\",\"@id\":\"https:\/\/soka.fr\/en\/sur-mesure\/#breadcrumb\",\"itemListElement\":[{\"@type\":\"ListItem\",\"position\":1,\"name\":\"Accueil\",\"item\":\"https:\/\/soka.fr\/en\/\"},{\"@type\":\"ListItem\",\"position\":2,\"name\":\"Sur-mesure\"}]},{\"@type\":\"WebSite\",\"@id\":\"https:\/\/soka.fr\/en\/#website\",\"url\":\"https:\/\/soka.fr\/en\/\",\"name\":\"SOKA\",\"description\":\"Fabricant de luminaires\",\"potentialAction\":[{\"@type\":\"SearchAction\",\"target\":{\"@type\":\"EntryPoint\",\"urlTemplate\":\"https:\/\/soka.fr\/en\/?s={search_term_string}\"},\"query-input\":{\"@type\":\"PropertyValueSpecification\",\"valueRequired\":true,\"valueName\":\"search_term_string\"}}],\"inLanguage\":\"en-US\"}]}<\/script>\n<!-- \/ Yoast SEO plugin. -->","yoast_head_json":{"title":"Custom - SOKA","description":"D\u00e9couvrez la gamme de luminaires sur-mesures de SOKA. Cette gamme de luminaire personnalisable permet de r\u00e9pondre \u00e0 tous vos besoins.","robots":{"index":"index","follow":"follow","max-snippet":"max-snippet:-1","max-image-preview":"max-image-preview:large","max-video-preview":"max-video-preview:-1"},"canonical":"https:\/\/soka.fr\/en\/sur-mesure\/","og_locale":"en_US","og_type":"article","og_title":"Custom - SOKA","og_description":"D\u00e9couvrez la gamme de luminaires sur-mesures de SOKA. Cette gamme de luminaire personnalisable permet de r\u00e9pondre \u00e0 tous vos besoins.","og_url":"https:\/\/soka.fr\/en\/sur-mesure\/","og_site_name":"SOKA","article_modified_time":"2021-02-04T18:59:22+00:00","twitter_card":"summary_large_image","twitter_misc":{"Est. reading time":"6 minutes"},"schema":{"@context":"https:\/\/schema.org","@graph":[{"@type":"WebPage","@id":"https:\/\/soka.fr\/en\/sur-mesure\/","url":"https:\/\/soka.fr\/en\/sur-mesure\/","name":"Custom - SOKA","isPartOf":{"@id":"https:\/\/soka.fr\/en\/#website"},"datePublished":"2020-08-13T13:25:46+00:00","dateModified":"2021-02-04T18:59:22+00:00","description":"D\u00e9couvrez la gamme de luminaires sur-mesures de SOKA. Cette gamme de luminaire personnalisable permet de r\u00e9pondre \u00e0 tous vos besoins.","breadcrumb":{"@id":"https:\/\/soka.fr\/en\/sur-mesure\/#breadcrumb"},"inLanguage":"en-US","potentialAction":[{"@type":"ReadAction","target":[["https:\/\/soka.fr\/en\/sur-mesure\/"]]}]},{"@type":"BreadcrumbList","@id":"https:\/\/soka.fr\/en\/sur-mesure\/#breadcrumb","itemListElement":[{"@type":"ListItem","position":1,"name":"Accueil","item":"https:\/\/soka.fr\/en\/"},{"@type":"ListItem","position":2,"name":"Sur-mesure"}]},{"@type":"WebSite","@id":"https:\/\/soka.fr\/en\/#website","url":"https:\/\/soka.fr\/en\/","name":"SOKA","description":"Fabricant de luminaires","potentialAction":[{"@type":"SearchAction","target":{"@type":"EntryPoint","urlTemplate":"https:\/\/soka.fr\/en\/?s={search_term_string}"},"query-input":{"@type":"PropertyValueSpecification","valueRequired":true,"valueName":"search_term_string"}}],"inLanguage":"en-US"}]}},"_links":{"self":[{"href":"https:\/\/soka.fr\/en\/wp-json\/wp\/v2\/pages\/190","targetHints":{"allow":["GET"]}}],"collection":[{"href":"https:\/\/soka.fr\/en\/wp-json\/wp\/v2\/pages"}],"about":[{"href":"https:\/\/soka.fr\/en\/wp-json\/wp\/v2\/types\/page"}],"author":[{"embeddable":true,"href":"https:\/\/soka.fr\/en\/wp-json\/wp\/v2\/users\/1"}],"replies":[{"embeddable":true,"href":"https:\/\/soka.fr\/en\/wp-json\/wp\/v2\/comments?post=190"}],"version-history":[{"count":0,"href":"https:\/\/soka.fr\/en\/wp-json\/wp\/v2\/pages\/190\/revisions"}],"wp:attachment":[{"href":"https:\/\/soka.fr\/en\/wp-json\/wp\/v2\/media?parent=190"}],"curies":[{"name":"wp","href":"https:\/\/api.w.org\/{rel}","templated":true}]}}