{"id":189,"date":"2020-08-13T15:25:06","date_gmt":"2020-08-13T13:25:06","guid":{"rendered":"https:\/\/soka.fr\/?page_id=189"},"modified":"2021-12-28T14:03:58","modified_gmt":"2021-12-28T13:03:58","slug":"interieur","status":"publish","type":"page","link":"https:\/\/soka.fr\/en\/interieur\/","title":{"rendered":"INDOOR"},"content":{"rendered":"<div class=\"wpb-content-wrapper\"><p>[vc_row][vc_column width=&#8221;1\/4&#8243;][\/vc_column][vc_column width=&#8221;1\/2&#8243;][vc_empty_space height=&#8221;70&#8243;]<div class=\"porto-u-heading  wpb_custom_95aa9a11c17ad45cfabaf210d84ee7cc porto-u-55ca8359258f9a412be7e73af65d2aac \"><div class=\"porto-u-main-heading\"><h5  >LIGHT FIXTURES INDOOR RANGE<\/h5><\/div><style>.porto-u-55ca8359258f9a412be7e73af65d2aac.porto-u-heading{text-align:center}<\/style><\/div>[vc_empty_space height=&#8221;20&#8243;]<div class=\"porto-u-heading  wpb_custom_95aa9a11c17ad45cfabaf210d84ee7cc porto-u-55ca8359258f9a412be7e73af65d2aac \"><div class=\"porto-u-main-heading\"><h1  >SOKA<\/h1><\/div><div class=\"porto-u-sub-heading\" style=\"\">\n<h5><strong>QUALITY, ELEGANCE &amp; EFFICIENCY<\/strong><\/h5>\n<p><\/div><style>.porto-u-55ca8359258f9a412be7e73af65d2aac.porto-u-heading{text-align:center}<\/style><\/div>[vc_separator color=&#8221;black&#8221; el_width=&#8221;10&#8243; style=&#8221;solid&#8221;][vc_empty_space height=&#8221;50&#8243;][\/vc_column][vc_column width=&#8221;1\/4&#8243;][\/vc_column][\/vc_row][vc_row full_width=&#8221;stretch_row&#8221; css=&#8221;.vc_custom_1604335612635{background-image: url(https:\/\/soka.fr\/wp-content\/uploads\/2020\/08\/sl-soka-chaumet.jpg?id=637) !important;background-position: center !important;background-repeat: no-repeat !important;background-size: cover !important;}&#8221;][vc_column][vc_empty_space height=&#8221;200&#8243;][\/vc_column][\/vc_row][vc_row][vc_column width=&#8221;1\/4&#8243;][\/vc_column][vc_column width=&#8221;1\/2&#8243;][vc_empty_space height=&#8221;50&#8243;]<div class=\"porto-blockquote wpb_content_element \"><blockquote class=\"  blockquote-dark\"><p>\n<h3>Our indoor ranges exclusively feature top-quality and elegant products, combining maximum lighting efficiency with optimal visual comfort.<\/h3>\n<p><\/p><\/blockquote><\/div>[vc_column_text]We work together with lighting designers to develop low-lumen and anti-glare lamps, transforming your lighting into an unquestionable ally.[\/vc_column_text][vc_row_inner][vc_column_inner width=&#8221;1\/2&#8243;][vc_single_image image=&#8221;825&#8243; img_size=&#8221;large&#8221;][\/vc_column_inner][vc_column_inner width=&#8221;1\/2&#8243;][vc_column_text]With almost 70 years\u2019 experience in this field, our design office continues to innovate: both in design and in technology.[\/vc_column_text][\/vc_column_inner][\/vc_row_inner][vc_column_text]<\/p>\n<p class=\"p1\" style=\"text-align: left;\">Today, we offer pendants, recessed spotlights, floodlights, spotlight bars and LED linear lights. What&#8217;s more, we specialise in integrated cove lighting. The combination of the two allows us offer lighting which perfectly integrates into ceilings and walls, with a perfect finish.<\/p>\n<p>[\/vc_column_text][\/vc_column][vc_column width=&#8221;1\/4&#8243;][\/vc_column][\/vc_row][vc_row txt_section_align=&#8221;txt-center&#8221;][vc_column txt_column_align=&#8221;txt-center&#8221; delay=&#8221;0ms&#8221;][vc_empty_space height=&#8221;50&#8243;]<div class=\"porto-u-heading  wpb_custom_95aa9a11c17ad45cfabaf210d84ee7cc porto-u-55ca8359258f9a412be7e73af65d2aac \"><div class=\"porto-u-main-heading\"><h4  >INDOOR LIGHTING<\/h4><\/div><style>.porto-u-55ca8359258f9a412be7e73af65d2aac.porto-u-heading{text-align:center}<\/style><\/div><div class=\"shortDivider\" style=\"background-color: black;\"><\/div><div class=\"porto-u-heading  wpb_custom_95aa9a11c17ad45cfabaf210d84ee7cc porto-u-55ca8359258f9a412be7e73af65d2aac \"><div class=\"porto-u-main-heading\"><h3  >NEW PRODUCTS<\/h3><\/div><style>.porto-u-55ca8359258f9a412be7e73af65d2aac.porto-u-heading{text-align:center}<\/style><\/div>[vc_empty_space height=&#8221;50&#8243;][\/vc_column][\/vc_row][vc_row][vc_column width=&#8221;1\/4&#8243;][\/vc_column][vc_column width=&#8221;1\/2&#8243;][vc_masonry_grid post_type=&#8221;product&#8221; max_items=&#8221;40&#8243; show_filter=&#8221;yes&#8221; element_width=&#8221;3&#8243; gap=&#8221;10&#8243; orderby=&#8221;title&#8221; filter_style=&#8221;bordered-rounded&#8221; filter_default_title=&#8221;TOUT VOIR&#8221; filter_align=&#8221;left&#8221; filter_size=&#8221;sm&#8221; grid_id=&#8221;vc_gid:1640696620786-c9fc0d53-f616-9&#8243; filter_source=&#8221;product_cat&#8221; exclude_filter=&#8221;31, 30&#8243; taxonomies=&#8221;31&#8243;][\/vc_column][vc_column width=&#8221;1\/4&#8243;][\/vc_column][\/vc_row][vc_row txt_section_align=&#8221;txt-center&#8221;][vc_column txt_column_align=&#8221;txt-center&#8221; delay=&#8221;0ms&#8221;][vc_empty_space height=&#8221;50&#8243;]<div class=\"porto-u-heading  wpb_custom_95aa9a11c17ad45cfabaf210d84ee7cc porto-u-55ca8359258f9a412be7e73af65d2aac \"><div class=\"porto-u-main-heading\"><h4  >CATALOG<\/h4><\/div><style>.porto-u-55ca8359258f9a412be7e73af65d2aac.porto-u-heading{text-align:center}<\/style><\/div><div class=\"shortDivider\" style=\"background-color: black;\"><\/div><div class=\"porto-u-heading  wpb_custom_95aa9a11c17ad45cfabaf210d84ee7cc porto-u-55ca8359258f9a412be7e73af65d2aac \"><div class=\"porto-u-main-heading\"><h3  >NEW INTERIOR PRODUCTS<\/h3><\/div><style>.porto-u-55ca8359258f9a412be7e73af65d2aac.porto-u-heading{text-align:center}<\/style><\/div><div class=\"_df_book df-container df-loading \" id=\"df_16898\"  title=\"fr-soka-indoor-product-catalog\" _slug=\"soka-indoor-product-catalog\" wpoptions=\"true\" thumbtype=\"bg\" ><\/div><script data-cfasync=\"false\">var option_df_16898 = {\"outline\":[],\"forceFit\":\"true\",\"autoEnableOutline\":\"false\",\"autoEnableThumbnail\":\"false\",\"overwritePDFOutline\":\"false\",\"direction\":\"1\",\"pageSize\":\"0\",\"source\":\"https:\\\/\\\/soka.fr\\\/wp-content\\\/uploads\\\/2021\\\/12\\\/catalogue-soka-21-INTER-en_BD.pdf\",\"wpOptions\":\"true\"}; if(window.DFLIP && DFLIP.parseBooks){DFLIP.parseBooks();}<\/script>[\/vc_column][\/vc_row][vc_row css=&#8221;.vc_custom_1601048760217{background: #ebebed url(https:\/\/soka.fr\/wp-content\/uploads\/2020\/09\/catalogue-400.jpg?id=576) !important;background-position: 0 0 !important;background-repeat: no-repeat !important;}&#8221;][vc_column width=&#8221;2\/3&#8243;][\/vc_column][vc_column width=&#8221;1\/3&#8243;][vc_empty_space height=&#8221;210px&#8221;]<div class=\"porto-u-heading  wpb_custom_95aa9a11c17ad45cfabaf210d84ee7cc porto-u-ad87e2eaf3f9c495180fe0156ddf3eb0 \"><div class=\"porto-u-main-heading\"><h4  >Old catalog<\/h4><\/div><style>.porto-u-ad87e2eaf3f9c495180fe0156ddf3eb0.porto-u-heading{text-align:left}<\/style><\/div>[vc_empty_space height=&#8221;10px&#8221;]<a class='to-button tiny standard square to-button-border to-icon-anim' style='color: #7c7c7c; background: none !important; border-color: #7c7c7c;' href='https:\/\/soka.fr\/en\/catalogue-2018-2019\/' target='_self'><span style='color: #7c7c7c;'>Consulter<\/span><\/a>[vc_empty_space height=&#8221;80px&#8221;][\/vc_column][\/vc_row]<\/p>\n<\/div>","protected":false},"excerpt":{"rendered":"<p>[vc_row][vc_column width=&#8221;1\/4&#8243;][\/vc_column][vc_column width=&#8221;1\/2&#8243;][vc_empty_space height=&#8221;70&#8243;][vc_empty_space height=&#8221;20&#8243;][vc_separator color=&#8221;black&#8221; el_width=&#8221;10&#8243; style=&#8221;solid&#8221;][vc_empty_space height=&#8221;50&#8243;][\/vc_column][vc_column width=&#8221;1\/4&#8243;][\/vc_column][\/vc_row][vc_row full_width=&#8221;stretch_row&#8221; css=&#8221;.vc_custom_1604335612635{background-image: url(https:\/\/soka.fr\/wp-content\/uploads\/2020\/08\/sl-soka-chaumet.jpg?id=637) !important;background-position: center !important;background-repeat: no-repeat !important;background-size: cover !important;}&#8221;][vc_column][vc_empty_space height=&#8221;200&#8243;][\/vc_column][\/vc_row][vc_row][vc_column width=&#8221;1\/4&#8243;][\/vc_column][vc_column width=&#8221;1\/2&#8243;][vc_empty_space height=&#8221;50&#8243;][vc_column_text]We work together with lighting designers to develop low-lumen and anti-glare lamps, transforming your lighting into an unquestionable ally.[\/vc_column_text][vc_row_inner][vc_column_inner width=&#8221;1\/2&#8243;][vc_single_image image=&#8221;825&#8243; img_size=&#8221;large&#8221;][\/vc_column_inner][vc_column_inner width=&#8221;1\/2&#8243;][vc_column_text]With almost 70 years\u2019 experience in this field, our design [&hellip;]<\/p>\n","protected":false},"author":1,"featured_media":0,"parent":0,"menu_order":0,"comment_status":"closed","ping_status":"closed","template":"","meta":{"_acf_changed":false,"footnotes":""},"class_list":["post-189","page","type-page","status-publish","hentry"],"acf":[],"yoast_head":"<!-- This site is optimized with the Yoast SEO plugin v27.2 - https:\/\/yoast.com\/product\/yoast-seo-wordpress\/ -->\n<title>INDOOR - SOKA<\/title>\n<meta name=\"description\" content=\"D\u00e9couvrez la gamme de luminaires int\u00e9rieurs de SOKA. Nos gammes int\u00e9rieures sont compos\u00e9es uniquement de produits qualitatifs et \u00e9l\u00e9gants.\" \/>\n<meta name=\"robots\" content=\"index, follow, max-snippet:-1, max-image-preview:large, max-video-preview:-1\" \/>\n<link rel=\"canonical\" href=\"https:\/\/soka.fr\/en\/interieur\/\" \/>\n<meta property=\"og:locale\" content=\"en_US\" \/>\n<meta property=\"og:type\" content=\"article\" \/>\n<meta property=\"og:title\" content=\"INDOOR - SOKA\" \/>\n<meta property=\"og:description\" content=\"D\u00e9couvrez la gamme de luminaires int\u00e9rieurs de SOKA. Nos gammes int\u00e9rieures sont compos\u00e9es uniquement de produits qualitatifs et \u00e9l\u00e9gants.\" \/>\n<meta property=\"og:url\" content=\"https:\/\/soka.fr\/en\/interieur\/\" \/>\n<meta property=\"og:site_name\" content=\"SOKA\" \/>\n<meta property=\"article:modified_time\" content=\"2021-12-28T13:03:58+00:00\" \/>\n<meta name=\"twitter:card\" content=\"summary_large_image\" \/>\n<meta name=\"twitter:label1\" content=\"Est. reading time\" \/>\n\t<meta name=\"twitter:data1\" content=\"1 minute\" \/>\n<script type=\"application\/ld+json\" class=\"yoast-schema-graph\">{\"@context\":\"https:\/\/schema.org\",\"@graph\":[{\"@type\":\"WebPage\",\"@id\":\"https:\/\/soka.fr\/en\/interieur\/\",\"url\":\"https:\/\/soka.fr\/en\/interieur\/\",\"name\":\"INDOOR - SOKA\",\"isPartOf\":{\"@id\":\"https:\/\/soka.fr\/en\/#website\"},\"datePublished\":\"2020-08-13T13:25:06+00:00\",\"dateModified\":\"2021-12-28T13:03:58+00:00\",\"description\":\"D\u00e9couvrez la gamme de luminaires int\u00e9rieurs de SOKA. Nos gammes int\u00e9rieures sont compos\u00e9es uniquement de produits qualitatifs et \u00e9l\u00e9gants.\",\"breadcrumb\":{\"@id\":\"https:\/\/soka.fr\/en\/interieur\/#breadcrumb\"},\"inLanguage\":\"en-US\",\"potentialAction\":[{\"@type\":\"ReadAction\",\"target\":[[\"https:\/\/soka.fr\/en\/interieur\/\"]]}]},{\"@type\":\"BreadcrumbList\",\"@id\":\"https:\/\/soka.fr\/en\/interieur\/#breadcrumb\",\"itemListElement\":[{\"@type\":\"ListItem\",\"position\":1,\"name\":\"Accueil\",\"item\":\"https:\/\/soka.fr\/en\/\"},{\"@type\":\"ListItem\",\"position\":2,\"name\":\"Int\u00e9rieur\"}]},{\"@type\":\"WebSite\",\"@id\":\"https:\/\/soka.fr\/en\/#website\",\"url\":\"https:\/\/soka.fr\/en\/\",\"name\":\"SOKA\",\"description\":\"Fabricant de luminaires\",\"potentialAction\":[{\"@type\":\"SearchAction\",\"target\":{\"@type\":\"EntryPoint\",\"urlTemplate\":\"https:\/\/soka.fr\/en\/?s={search_term_string}\"},\"query-input\":{\"@type\":\"PropertyValueSpecification\",\"valueRequired\":true,\"valueName\":\"search_term_string\"}}],\"inLanguage\":\"en-US\"}]}<\/script>\n<!-- \/ Yoast SEO plugin. -->","yoast_head_json":{"title":"INDOOR - SOKA","description":"D\u00e9couvrez la gamme de luminaires int\u00e9rieurs de SOKA. Nos gammes int\u00e9rieures sont compos\u00e9es uniquement de produits qualitatifs et \u00e9l\u00e9gants.","robots":{"index":"index","follow":"follow","max-snippet":"max-snippet:-1","max-image-preview":"max-image-preview:large","max-video-preview":"max-video-preview:-1"},"canonical":"https:\/\/soka.fr\/en\/interieur\/","og_locale":"en_US","og_type":"article","og_title":"INDOOR - SOKA","og_description":"D\u00e9couvrez la gamme de luminaires int\u00e9rieurs de SOKA. Nos gammes int\u00e9rieures sont compos\u00e9es uniquement de produits qualitatifs et \u00e9l\u00e9gants.","og_url":"https:\/\/soka.fr\/en\/interieur\/","og_site_name":"SOKA","article_modified_time":"2021-12-28T13:03:58+00:00","twitter_card":"summary_large_image","twitter_misc":{"Est. reading time":"1 minute"},"schema":{"@context":"https:\/\/schema.org","@graph":[{"@type":"WebPage","@id":"https:\/\/soka.fr\/en\/interieur\/","url":"https:\/\/soka.fr\/en\/interieur\/","name":"INDOOR - SOKA","isPartOf":{"@id":"https:\/\/soka.fr\/en\/#website"},"datePublished":"2020-08-13T13:25:06+00:00","dateModified":"2021-12-28T13:03:58+00:00","description":"D\u00e9couvrez la gamme de luminaires int\u00e9rieurs de SOKA. Nos gammes int\u00e9rieures sont compos\u00e9es uniquement de produits qualitatifs et \u00e9l\u00e9gants.","breadcrumb":{"@id":"https:\/\/soka.fr\/en\/interieur\/#breadcrumb"},"inLanguage":"en-US","potentialAction":[{"@type":"ReadAction","target":[["https:\/\/soka.fr\/en\/interieur\/"]]}]},{"@type":"BreadcrumbList","@id":"https:\/\/soka.fr\/en\/interieur\/#breadcrumb","itemListElement":[{"@type":"ListItem","position":1,"name":"Accueil","item":"https:\/\/soka.fr\/en\/"},{"@type":"ListItem","position":2,"name":"Int\u00e9rieur"}]},{"@type":"WebSite","@id":"https:\/\/soka.fr\/en\/#website","url":"https:\/\/soka.fr\/en\/","name":"SOKA","description":"Fabricant de luminaires","potentialAction":[{"@type":"SearchAction","target":{"@type":"EntryPoint","urlTemplate":"https:\/\/soka.fr\/en\/?s={search_term_string}"},"query-input":{"@type":"PropertyValueSpecification","valueRequired":true,"valueName":"search_term_string"}}],"inLanguage":"en-US"}]}},"_links":{"self":[{"href":"https:\/\/soka.fr\/en\/wp-json\/wp\/v2\/pages\/189","targetHints":{"allow":["GET"]}}],"collection":[{"href":"https:\/\/soka.fr\/en\/wp-json\/wp\/v2\/pages"}],"about":[{"href":"https:\/\/soka.fr\/en\/wp-json\/wp\/v2\/types\/page"}],"author":[{"embeddable":true,"href":"https:\/\/soka.fr\/en\/wp-json\/wp\/v2\/users\/1"}],"replies":[{"embeddable":true,"href":"https:\/\/soka.fr\/en\/wp-json\/wp\/v2\/comments?post=189"}],"version-history":[{"count":0,"href":"https:\/\/soka.fr\/en\/wp-json\/wp\/v2\/pages\/189\/revisions"}],"wp:attachment":[{"href":"https:\/\/soka.fr\/en\/wp-json\/wp\/v2\/media?parent=189"}],"curies":[{"name":"wp","href":"https:\/\/api.w.org\/{rel}","templated":true}]}}