{"id":188,"date":"2020-08-13T15:24:52","date_gmt":"2020-08-13T13:24:52","guid":{"rendered":"https:\/\/soka.fr\/?page_id=188"},"modified":"2021-12-28T14:05:43","modified_gmt":"2021-12-28T13:05:43","slug":"exterieur","status":"publish","type":"page","link":"https:\/\/soka.fr\/en\/exterieur\/","title":{"rendered":"OUTDOOR"},"content":{"rendered":"<div class=\"wpb-content-wrapper\"><p>[vc_row txt_section_align=&#8221;txt-center&#8221;][vc_column width=&#8221;1\/4&#8243; txt_column_align=&#8221;txt-center&#8221; delay=&#8221;0ms&#8221;][\/vc_column][vc_column width=&#8221;1\/2&#8243;][vc_empty_space height=&#8221;70&#8243;]<div class=\"porto-u-heading  wpb_custom_95aa9a11c17ad45cfabaf210d84ee7cc porto-u-55ca8359258f9a412be7e73af65d2aac \"><div class=\"porto-u-main-heading\"><h4  >LUMINAIRES OUTDOOR RANGE<\/h4><\/div><style>.porto-u-55ca8359258f9a412be7e73af65d2aac.porto-u-heading{text-align:center}<\/style><\/div>[vc_empty_space height=&#8221;20&#8243;]<div class=\"porto-u-heading  wpb_custom_95aa9a11c17ad45cfabaf210d84ee7cc porto-u-55ca8359258f9a412be7e73af65d2aac \"><div class=\"porto-u-main-heading\"><h1  >SOKA<\/h1><\/div><div class=\"porto-u-sub-heading\" style=\"font-size:10px;\">\n<h5><strong>ROBUSTNESS, POWER &amp; AESTHETICS<\/strong><\/h5>\n<p><\/div><style>.porto-u-55ca8359258f9a412be7e73af65d2aac.porto-u-heading{text-align:center}<\/style><\/div>[vc_separator color=&#8221;black&#8221; el_width=&#8221;10&#8243; style=&#8221;solid&#8221;][vc_empty_space height=&#8221;50&#8243;][\/vc_column][vc_column width=&#8221;1\/4&#8243;][\/vc_column][\/vc_row][vc_row full_width=&#8221;stretch_row&#8221; css=&#8221;.vc_custom_1601047967769{background-image: url(https:\/\/soka.fr\/wp-content\/uploads\/2020\/09\/slide-exterieur-reversed.jpg?id=415) !important;background-position: center !important;background-repeat: no-repeat !important;background-size: cover !important;}&#8221;][vc_column][vc_empty_space height=&#8221;200px&#8221;][\/vc_column][\/vc_row][vc_row][vc_column width=&#8221;1\/4&#8243;][\/vc_column][vc_column width=&#8221;1\/2&#8243;]<div class=\"porto-blockquote wpb_content_element \"><blockquote class=\"  blockquote-dark\"><p>\n<h3>Our high-performance outdoor lamps are designed to withstand even the most challenging weather conditions.<\/h3>\n<p><\/p><\/blockquote><\/div>[vc_column_text]Robustness, power and aesthetics are the keywords for our design and production. Developed to highlight your projects, even in the harshest environments, our products have a \u2018breathable\u2019 system, thereby avoiding both corrosion and condensation.[\/vc_column_text][vc_row_inner][vc_column_inner width=&#8221;1\/2&#8243;][vc_single_image image=&#8221;695&#8243; img_size=&#8221;large&#8221;][\/vc_column_inner][vc_column_inner width=&#8221;1\/2&#8243;][vc_column_text]What&#8217;s more, whether you&#8217;re looking to illuminate a garden, a statue, a tree, a monument, or even a lighthouse in the open sea, our recessed ground lights and floodlights \u2013 both submersible and linear \u2013 will amaze you with their adaptability, power and solidity.[\/vc_column_text][\/vc_column_inner][\/vc_row_inner][vc_column_text]<\/p>\n<p class=\"P68B1DB1-Normal2\" style=\"text-align: justify;\"><span lang=\"EN-GB\">Our ranges all offer multiple options: a choice of extremely varied optics, colour temperatures, power, control, and finish, along with various accessories for even greater precision. This makes it possible to offer both accent and facade lighting, as well as general and landscape lighting. <\/span><\/p>\n<p>[\/vc_column_text][\/vc_column][vc_column width=&#8221;1\/4&#8243;][\/vc_column][\/vc_row][vc_row txt_section_align=&#8221;txt-center&#8221;][vc_column txt_column_align=&#8221;txt-center&#8221; delay=&#8221;0ms&#8221;][vc_empty_space height=&#8221;50&#8243;]<div class=\"porto-u-heading  wpb_custom_95aa9a11c17ad45cfabaf210d84ee7cc porto-u-55ca8359258f9a412be7e73af65d2aac \"><div class=\"porto-u-main-heading\"><h4  >OUTDOOR LIGHTING FIXTURES<\/h4><\/div><style>.porto-u-55ca8359258f9a412be7e73af65d2aac.porto-u-heading{text-align:center}<\/style><\/div><div class=\"shortDivider\" style=\"background-color: black;\"><\/div><div class=\"porto-u-heading  wpb_custom_95aa9a11c17ad45cfabaf210d84ee7cc porto-u-55ca8359258f9a412be7e73af65d2aac \"><div class=\"porto-u-main-heading\"><h3  >NEW PRODUCTS<\/h3><\/div><style>.porto-u-55ca8359258f9a412be7e73af65d2aac.porto-u-heading{text-align:center}<\/style><\/div>[\/vc_column][\/vc_row][vc_row][vc_column width=&#8221;1\/4&#8243;][\/vc_column][vc_column width=&#8221;1\/2&#8243;][vc_masonry_grid post_type=&#8221;product&#8221; max_items=&#8221;20&#8243; show_filter=&#8221;yes&#8221; element_width=&#8221;3&#8243; gap=&#8221;10&#8243; orderby=&#8221;title&#8221; filter_style=&#8221;bordered-rounded&#8221; filter_default_title=&#8221;TOUT VOIR&#8221; filter_align=&#8221;left&#8221; filter_size=&#8221;sm&#8221; grid_id=&#8221;vc_gid:1640696725408-c39f5e42-95eb-6&#8243; filter_source=&#8221;product_cat&#8221; exclude_filter=&#8221;31, 30&#8243; taxonomies=&#8221;30&#8243;][\/vc_column][vc_column width=&#8221;1\/4&#8243;][\/vc_column][\/vc_row][vc_row txt_section_align=&#8221;txt-center&#8221;][vc_column txt_column_align=&#8221;txt-center&#8221; delay=&#8221;0ms&#8221;][vc_empty_space height=&#8221;50&#8243;]<div class=\"porto-u-heading  wpb_custom_95aa9a11c17ad45cfabaf210d84ee7cc porto-u-55ca8359258f9a412be7e73af65d2aac \"><div class=\"porto-u-main-heading\"><h4  >CATALOG<\/h4><\/div><style>.porto-u-55ca8359258f9a412be7e73af65d2aac.porto-u-heading{text-align:center}<\/style><\/div><div class=\"shortDivider\" style=\"background-color: black;\"><\/div><div class=\"porto-u-heading  wpb_custom_95aa9a11c17ad45cfabaf210d84ee7cc porto-u-55ca8359258f9a412be7e73af65d2aac \"><div class=\"porto-u-main-heading\"><h3  >NEW OUTDOOR PRODUCTS<\/h3><\/div><style>.porto-u-55ca8359258f9a412be7e73af65d2aac.porto-u-heading{text-align:center}<\/style><\/div><div class=\"_df_book df-container df-loading \" id=\"df_16899\"  title=\"fr-outdoor-products-catalogue\" _slug=\"outdoor-products-catalogue\" wpoptions=\"true\" thumbtype=\"bg\" ><\/div><script data-cfasync=\"false\">var option_df_16899 = {\"outline\":[],\"forceFit\":\"true\",\"autoEnableOutline\":\"false\",\"autoEnableThumbnail\":\"false\",\"overwritePDFOutline\":\"false\",\"direction\":\"1\",\"pageSize\":\"0\",\"source\":\"https:\\\/\\\/soka.fr\\\/wp-content\\\/uploads\\\/2021\\\/12\\\/catalogue-soka-21-EXTER-en_BD.pdf\",\"wpOptions\":\"true\"}; if(window.DFLIP && DFLIP.parseBooks){DFLIP.parseBooks();}<\/script>[\/vc_column][\/vc_row][vc_row css=&#8221;.vc_custom_1601048760217{background: #ebebed url(https:\/\/soka.fr\/wp-content\/uploads\/2020\/09\/catalogue-400.jpg?id=576) !important;background-position: 0 0 !important;background-repeat: no-repeat !important;}&#8221;][vc_column width=&#8221;2\/3&#8243;][\/vc_column][vc_column width=&#8221;1\/3&#8243;][vc_empty_space height=&#8221;210px&#8221;]<div class=\"porto-u-heading  wpb_custom_95aa9a11c17ad45cfabaf210d84ee7cc porto-u-ad87e2eaf3f9c495180fe0156ddf3eb0 \"><div class=\"porto-u-main-heading\"><h4  >Old catalog<\/h4><\/div><style>.porto-u-ad87e2eaf3f9c495180fe0156ddf3eb0.porto-u-heading{text-align:left}<\/style><\/div>[vc_empty_space height=&#8221;10px&#8221;]<a class='to-button tiny standard square to-button-border to-icon-anim' style='color: #7c7c7c; background: none !important; border-color: #7c7c7c;' href='https:\/\/soka.fr\/en\/catalogue-2018-2019\/' target='_self'><span style='color: #7c7c7c;'>Consulter<\/span><\/a>[vc_empty_space height=&#8221;80px&#8221;][\/vc_column][\/vc_row]<\/p>\n<\/div>","protected":false},"excerpt":{"rendered":"<p>[vc_row txt_section_align=&#8221;txt-center&#8221;][vc_column width=&#8221;1\/4&#8243; txt_column_align=&#8221;txt-center&#8221; delay=&#8221;0ms&#8221;][\/vc_column][vc_column width=&#8221;1\/2&#8243;][vc_empty_space height=&#8221;70&#8243;][vc_empty_space height=&#8221;20&#8243;][vc_separator color=&#8221;black&#8221; el_width=&#8221;10&#8243; style=&#8221;solid&#8221;][vc_empty_space height=&#8221;50&#8243;][\/vc_column][vc_column width=&#8221;1\/4&#8243;][\/vc_column][\/vc_row][vc_row full_width=&#8221;stretch_row&#8221; css=&#8221;.vc_custom_1601047967769{background-image: url(https:\/\/soka.fr\/wp-content\/uploads\/2020\/09\/slide-exterieur-reversed.jpg?id=415) !important;background-position: center !important;background-repeat: no-repeat !important;background-size: cover !important;}&#8221;][vc_column][vc_empty_space height=&#8221;200px&#8221;][\/vc_column][\/vc_row][vc_row][vc_column width=&#8221;1\/4&#8243;][\/vc_column][vc_column width=&#8221;1\/2&#8243;][vc_column_text]Robustness, power and aesthetics are the keywords for our design and production. Developed to highlight your projects, even in the harshest environments, our products have a \u2018breathable\u2019 system, thereby avoiding [&hellip;]<\/p>\n","protected":false},"author":1,"featured_media":0,"parent":0,"menu_order":0,"comment_status":"closed","ping_status":"closed","template":"","meta":{"_acf_changed":false,"footnotes":""},"class_list":["post-188","page","type-page","status-publish","hentry"],"acf":[],"yoast_head":"<!-- This site is optimized with the Yoast SEO plugin v27.2 - https:\/\/yoast.com\/product\/yoast-seo-wordpress\/ -->\n<title>OUTDOOR - SOKA<\/title>\n<meta name=\"description\" content=\"D\u00e9couvrez la gamme de luminaires ext\u00e9rieurs de SOKA aux hautes performances et con\u00e7us pour r\u00e9sister aux conditions climatiques\" \/>\n<meta name=\"robots\" content=\"index, follow, max-snippet:-1, max-image-preview:large, max-video-preview:-1\" \/>\n<link rel=\"canonical\" href=\"https:\/\/soka.fr\/en\/exterieur\/\" \/>\n<meta property=\"og:locale\" content=\"en_US\" \/>\n<meta property=\"og:type\" content=\"article\" \/>\n<meta property=\"og:title\" content=\"OUTDOOR - SOKA\" \/>\n<meta property=\"og:description\" content=\"D\u00e9couvrez la gamme de luminaires ext\u00e9rieurs de SOKA aux hautes performances et con\u00e7us pour r\u00e9sister aux conditions climatiques\" \/>\n<meta property=\"og:url\" content=\"https:\/\/soka.fr\/en\/exterieur\/\" \/>\n<meta property=\"og:site_name\" content=\"SOKA\" \/>\n<meta property=\"article:modified_time\" content=\"2021-12-28T13:05:43+00:00\" \/>\n<meta name=\"twitter:card\" content=\"summary_large_image\" \/>\n<meta name=\"twitter:label1\" content=\"Est. reading time\" \/>\n\t<meta name=\"twitter:data1\" content=\"2 minutes\" \/>\n<script type=\"application\/ld+json\" class=\"yoast-schema-graph\">{\"@context\":\"https:\/\/schema.org\",\"@graph\":[{\"@type\":\"WebPage\",\"@id\":\"https:\/\/soka.fr\/en\/exterieur\/\",\"url\":\"https:\/\/soka.fr\/en\/exterieur\/\",\"name\":\"OUTDOOR - SOKA\",\"isPartOf\":{\"@id\":\"https:\/\/soka.fr\/en\/#website\"},\"datePublished\":\"2020-08-13T13:24:52+00:00\",\"dateModified\":\"2021-12-28T13:05:43+00:00\",\"description\":\"D\u00e9couvrez la gamme de luminaires ext\u00e9rieurs de SOKA aux hautes performances et con\u00e7us pour r\u00e9sister aux conditions climatiques\",\"breadcrumb\":{\"@id\":\"https:\/\/soka.fr\/en\/exterieur\/#breadcrumb\"},\"inLanguage\":\"en-US\",\"potentialAction\":[{\"@type\":\"ReadAction\",\"target\":[[\"https:\/\/soka.fr\/en\/exterieur\/\"]]}]},{\"@type\":\"BreadcrumbList\",\"@id\":\"https:\/\/soka.fr\/en\/exterieur\/#breadcrumb\",\"itemListElement\":[{\"@type\":\"ListItem\",\"position\":1,\"name\":\"Accueil\",\"item\":\"https:\/\/soka.fr\/en\/\"},{\"@type\":\"ListItem\",\"position\":2,\"name\":\"Ext\u00e9rieur\"}]},{\"@type\":\"WebSite\",\"@id\":\"https:\/\/soka.fr\/en\/#website\",\"url\":\"https:\/\/soka.fr\/en\/\",\"name\":\"SOKA\",\"description\":\"Fabricant de luminaires\",\"potentialAction\":[{\"@type\":\"SearchAction\",\"target\":{\"@type\":\"EntryPoint\",\"urlTemplate\":\"https:\/\/soka.fr\/en\/?s={search_term_string}\"},\"query-input\":{\"@type\":\"PropertyValueSpecification\",\"valueRequired\":true,\"valueName\":\"search_term_string\"}}],\"inLanguage\":\"en-US\"}]}<\/script>\n<!-- \/ Yoast SEO plugin. -->","yoast_head_json":{"title":"OUTDOOR - SOKA","description":"D\u00e9couvrez la gamme de luminaires ext\u00e9rieurs de SOKA aux hautes performances et con\u00e7us pour r\u00e9sister aux conditions climatiques","robots":{"index":"index","follow":"follow","max-snippet":"max-snippet:-1","max-image-preview":"max-image-preview:large","max-video-preview":"max-video-preview:-1"},"canonical":"https:\/\/soka.fr\/en\/exterieur\/","og_locale":"en_US","og_type":"article","og_title":"OUTDOOR - SOKA","og_description":"D\u00e9couvrez la gamme de luminaires ext\u00e9rieurs de SOKA aux hautes performances et con\u00e7us pour r\u00e9sister aux conditions climatiques","og_url":"https:\/\/soka.fr\/en\/exterieur\/","og_site_name":"SOKA","article_modified_time":"2021-12-28T13:05:43+00:00","twitter_card":"summary_large_image","twitter_misc":{"Est. reading time":"2 minutes"},"schema":{"@context":"https:\/\/schema.org","@graph":[{"@type":"WebPage","@id":"https:\/\/soka.fr\/en\/exterieur\/","url":"https:\/\/soka.fr\/en\/exterieur\/","name":"OUTDOOR - SOKA","isPartOf":{"@id":"https:\/\/soka.fr\/en\/#website"},"datePublished":"2020-08-13T13:24:52+00:00","dateModified":"2021-12-28T13:05:43+00:00","description":"D\u00e9couvrez la gamme de luminaires ext\u00e9rieurs de SOKA aux hautes performances et con\u00e7us pour r\u00e9sister aux conditions climatiques","breadcrumb":{"@id":"https:\/\/soka.fr\/en\/exterieur\/#breadcrumb"},"inLanguage":"en-US","potentialAction":[{"@type":"ReadAction","target":[["https:\/\/soka.fr\/en\/exterieur\/"]]}]},{"@type":"BreadcrumbList","@id":"https:\/\/soka.fr\/en\/exterieur\/#breadcrumb","itemListElement":[{"@type":"ListItem","position":1,"name":"Accueil","item":"https:\/\/soka.fr\/en\/"},{"@type":"ListItem","position":2,"name":"Ext\u00e9rieur"}]},{"@type":"WebSite","@id":"https:\/\/soka.fr\/en\/#website","url":"https:\/\/soka.fr\/en\/","name":"SOKA","description":"Fabricant de luminaires","potentialAction":[{"@type":"SearchAction","target":{"@type":"EntryPoint","urlTemplate":"https:\/\/soka.fr\/en\/?s={search_term_string}"},"query-input":{"@type":"PropertyValueSpecification","valueRequired":true,"valueName":"search_term_string"}}],"inLanguage":"en-US"}]}},"_links":{"self":[{"href":"https:\/\/soka.fr\/en\/wp-json\/wp\/v2\/pages\/188","targetHints":{"allow":["GET"]}}],"collection":[{"href":"https:\/\/soka.fr\/en\/wp-json\/wp\/v2\/pages"}],"about":[{"href":"https:\/\/soka.fr\/en\/wp-json\/wp\/v2\/types\/page"}],"author":[{"embeddable":true,"href":"https:\/\/soka.fr\/en\/wp-json\/wp\/v2\/users\/1"}],"replies":[{"embeddable":true,"href":"https:\/\/soka.fr\/en\/wp-json\/wp\/v2\/comments?post=188"}],"version-history":[{"count":0,"href":"https:\/\/soka.fr\/en\/wp-json\/wp\/v2\/pages\/188\/revisions"}],"wp:attachment":[{"href":"https:\/\/soka.fr\/en\/wp-json\/wp\/v2\/media?parent=188"}],"curies":[{"name":"wp","href":"https:\/\/api.w.org\/{rel}","templated":true}]}}